{"id":212,"date":"2017-09-07T15:53:08","date_gmt":"2017-09-07T13:53:08","guid":{"rendered":"http:\/\/fabriktachanson.samverlen.com\/?page_id=212"},"modified":"2017-09-08T22:39:18","modified_gmt":"2017-09-08T20:39:18","slug":"les-ateliers","status":"publish","type":"page","link":"https:\/\/fabriktachanson.samverlen.com\/index.php\/les-ateliers\/","title":{"rendered":"Les ateliers"},"content":{"rendered":"<p style=\"text-align: center;\">L&rsquo;auteur\u00a0<a href=\"http:\/\/christoso.free.fr\/\" target=\"_blank\" rel=\"noopener\">Christos<\/a>\u00a0(Bayard, Talents Hauts, 400 coups,..) et le chanteur\/compositeur\u00a0<a href=\"http:\/\/www.samverlen.com\/\" target=\"_blank\" rel=\"noopener\">Sam Verlen<\/a>\u00a0se sont associ\u00e9s pour vous proposer quatre ateliers m\u00ealant texte et musique \u00e0 destination du jeune public:<\/p>\n<div class=\"su-table su-table-alternate\">\n<table border=\"3\" width=\"75%\">\n<tbody>\n<tr align=\"center\">\n<th align=\"center\">Atelier<\/th>\n<th align=\"center\">Tranche d&rsquo;\u00e2ge<\/th>\n<th align=\"center\">Dur\u00e9e<\/th>\n<\/tr>\n<tr align=\"center\">\n<th align=\"center\"><a href=\"http:\/\/fabriktachanson.samverlen.com\/index.php\/le-bal-des-monstres\/\">\u00ab\u00a0Le bal des monstres\u00a0\u00bb<\/a><\/th>\n<td align=\"center\">de 5 \u00e0 7 ans<\/td>\n<td align=\"center\">1 journ\u00e9e<\/td>\n<\/tr>\n<tr align=\"center\">\n<th align=\"center\"><a href=\"http:\/\/fabriktachanson.samverlen.com\/index.php\/bruitage-dhistoires\/\">\u00ab\u00a0Bruitage d&rsquo;histoires\u00a0\u00bb<\/a><\/th>\n<td>de 6 \u00e0 8 ans<\/td>\n<td align=\"center\">1 journ\u00e9e<\/td>\n<\/tr>\n<tr align=\"center\">\n<th align=\"center\"><a href=\"http:\/\/fabriktachanson.samverlen.com\/index.php\/lhymne-de-clan\/\">\u00ab\u00a0L&rsquo;hymne de ton clan\u00a0\u00bb<\/a><\/th>\n<td align=\"center\">de 7 \u00e0 11 ans<\/td>\n<td align=\"center\">1\/2 journ\u00e9e<\/td>\n<\/tr>\n<tr align=\"center\">\n<th align=\"center\"><a href=\".\/fabrik-ta-chanson\">\u00ab\u00a0Fabrik&rsquo; ta chanson\u00a0\u00bb<\/a><\/th>\n<td align=\"center\">de 8 \u00e0 108 ans<\/td>\n<td align=\"center\">1 journ\u00e9e<\/td>\n<\/tr>\n<\/tbody>\n<\/table>\n<\/div>\n<div class=\"wp-socializer wpsr-share-icons \" data-lg-action=\"show\" data-sm-action=\"show\" data-sm-width=\"768\" ><h3>Share and Enjoy !<\/h3><div class=\"wpsr-si-inner\"><div class=\"wpsr-counter wpsrc-sz-32px\" style=\"color:#000\"><span class=\"scount\"><span data-wpsrs=\"\" data-wpsrs-svcs=\"facebook,twitter,linkedin,pinterest,print,pdf\">0<\/span><\/span><small class=\"stext\">Shares<\/small><\/div><div class=\"socializer sr-popup sr-32px sr-circle sr-opacity sr-pad sr-count-1 sr-count-1\"><span class=\"sr-facebook\"><a rel=\"nofollow\" href=\"https:\/\/www.facebook.com\/share.php?u=\" target=\"_blank\"  title=\"Share this on Facebook\"  style=\"color: #ffffff\" ><i class=\"fab fa-facebook-f\"><\/i><span class=\"ctext\"><span data-wpsrs=\"\" data-wpsrs-svcs=\"facebook\">0<\/span><\/span><\/a><\/span>\n<span class=\"sr-twitter\"><a rel=\"nofollow\" href=\"https:\/\/twitter.com\/intent\/tweet?text=%20-%20%20\" target=\"_blank\"  title=\"Tweet this !\"  style=\"color: #ffffff\" ><i class=\"fab fa-twitter\"><\/i><\/a><\/span>\n<span class=\"sr-linkedin\"><a rel=\"nofollow\" href=\"https:\/\/www.linkedin.com\/sharing\/share-offsite\/?url=\" target=\"_blank\"  title=\"Add this to LinkedIn\"  style=\"color: #ffffff\" ><i class=\"fab fa-linkedin-in\"><\/i><\/a><\/span>\n<span class=\"sr-pinterest\"><a rel=\"nofollow\" href=\"https:\/\/www.pinterest.com\/pin\/create\/button\/?url=&amp;media=&amp;description=\" target=\"_blank\"  title=\"Submit this to Pinterest\"  style=\"color: #ffffff\" data-pin-custom=\"true\"><i class=\"fab fa-pinterest\"><\/i><span class=\"ctext\"><span data-wpsrs=\"\" data-wpsrs-svcs=\"pinterest\">0<\/span><\/span><\/a><\/span>\n<span class=\"sr-print\"><a rel=\"nofollow\" href=\"https:\/\/www.printfriendly.com\/print?url=\" target=\"_blank\"  title=\"Print this article \"  style=\"color: #ffffff\" ><i class=\"fa fa-print\"><\/i><\/a><\/span>\n<span class=\"sr-pdf\"><a rel=\"nofollow\" href=\"https:\/\/www.printfriendly.com\/print?url=\" target=\"_blank\"  title=\"Convert to PDF\"  style=\"color: #ffffff\" ><i class=\"fa fa-file-pdf\"><\/i><\/a><\/span><\/div><\/div><\/div>","protected":false},"excerpt":{"rendered":"<p>L&rsquo;auteur\u00a0Christos\u00a0(Bayard, Talents Hauts, 400 coups,..) et le chanteur\/compositeur\u00a0Sam Verlen\u00a0se sont associ\u00e9s pour vous proposer quatre ateliers m\u00ealant texte et musique \u00e0 destination du jeune public: Share and Enjoy !0Shares0 0<\/p>\n","protected":false},"author":1,"featured_media":0,"parent":0,"menu_order":0,"comment_status":"closed","ping_status":"closed","template":"page-fullwidth.php","meta":[],"yoast_head":"<!-- This site is optimized with the Yoast SEO plugin v15.2 - https:\/\/yoast.com\/wordpress\/plugins\/seo\/ -->\n<title>Les ateliers - Fabrik ta chanson<\/title>\n<meta name=\"robots\" content=\"index, follow, max-snippet:-1, max-image-preview:large, max-video-preview:-1\" \/>\n<link rel=\"canonical\" href=\"https:\/\/fabriktachanson.samverlen.com\/index.php\/les-ateliers\/\" \/>\n<meta property=\"og:locale\" content=\"fr_FR\" \/>\n<meta property=\"og:type\" content=\"article\" \/>\n<meta property=\"og:title\" content=\"Les ateliers - Fabrik ta chanson\" \/>\n<meta property=\"og:description\" content=\"L&rsquo;auteur\u00a0Christos\u00a0(Bayard, Talents Hauts, 400 coups,..) et le chanteur\/compositeur\u00a0Sam Verlen\u00a0se sont associ\u00e9s pour vous proposer quatre ateliers m\u00ealant texte et musique \u00e0 destination du jeune public:\" \/>\n<meta property=\"og:url\" content=\"https:\/\/fabriktachanson.samverlen.com\/index.php\/les-ateliers\/\" \/>\n<meta property=\"og:site_name\" content=\"Fabrik ta chanson\" \/>\n<meta property=\"article:modified_time\" content=\"2017-09-08T20:39:18+00:00\" \/>\n<meta name=\"twitter:card\" content=\"summary\" \/>\n<meta name=\"twitter:label1\" value=\"\u00c9crit par\">\n\t<meta name=\"twitter:data1\" value=\"ftc\">\n\t<meta name=\"twitter:label2\" value=\"Dur\u00e9e de lecture est.\">\n\t<meta name=\"twitter:data2\" value=\"0 minute\">\n<script type=\"application\/ld+json\" class=\"yoast-schema-graph\">{\"@context\":\"https:\/\/schema.org\",\"@graph\":[{\"@type\":\"WebSite\",\"@id\":\"http:\/\/fabriktachanson.samverlen.com\/#website\",\"url\":\"http:\/\/fabriktachanson.samverlen.com\/\",\"name\":\"Fabrik ta chanson\",\"description\":\"Atelier de cr\\u00e9ation et enregistrement de chanson en une journ\\u00e9e !\",\"potentialAction\":[{\"@type\":\"SearchAction\",\"target\":\"http:\/\/fabriktachanson.samverlen.com\/?s={search_term_string}\",\"query-input\":\"required name=search_term_string\"}],\"inLanguage\":\"fr-FR\"},{\"@type\":\"WebPage\",\"@id\":\"https:\/\/fabriktachanson.samverlen.com\/index.php\/les-ateliers\/#webpage\",\"url\":\"https:\/\/fabriktachanson.samverlen.com\/index.php\/les-ateliers\/\",\"name\":\"Les ateliers - Fabrik ta chanson\",\"isPartOf\":{\"@id\":\"http:\/\/fabriktachanson.samverlen.com\/#website\"},\"datePublished\":\"2017-09-07T13:53:08+00:00\",\"dateModified\":\"2017-09-08T20:39:18+00:00\",\"inLanguage\":\"fr-FR\",\"potentialAction\":[{\"@type\":\"ReadAction\",\"target\":[\"https:\/\/fabriktachanson.samverlen.com\/index.php\/les-ateliers\/\"]}]}]}<\/script>\n<!-- \/ Yoast SEO plugin. -->","_links":{"self":[{"href":"https:\/\/fabriktachanson.samverlen.com\/index.php\/wp-json\/wp\/v2\/pages\/212"}],"collection":[{"href":"https:\/\/fabriktachanson.samverlen.com\/index.php\/wp-json\/wp\/v2\/pages"}],"about":[{"href":"https:\/\/fabriktachanson.samverlen.com\/index.php\/wp-json\/wp\/v2\/types\/page"}],"author":[{"embeddable":true,"href":"https:\/\/fabriktachanson.samverlen.com\/index.php\/wp-json\/wp\/v2\/users\/1"}],"replies":[{"embeddable":true,"href":"https:\/\/fabriktachanson.samverlen.com\/index.php\/wp-json\/wp\/v2\/comments?post=212"}],"version-history":[{"count":15,"href":"https:\/\/fabriktachanson.samverlen.com\/index.php\/wp-json\/wp\/v2\/pages\/212\/revisions"}],"predecessor-version":[{"id":282,"href":"https:\/\/fabriktachanson.samverlen.com\/index.php\/wp-json\/wp\/v2\/pages\/212\/revisions\/282"}],"wp:attachment":[{"href":"https:\/\/fabriktachanson.samverlen.com\/index.php\/wp-json\/wp\/v2\/media?parent=212"}],"curies":[{"name":"wp","href":"https:\/\/api.w.org\/{rel}","templated":true}]}}