{"id":241,"date":"2017-09-07T16:52:20","date_gmt":"2017-09-07T14:52:20","guid":{"rendered":"http:\/\/fabriktachanson.samverlen.com\/?page_id=241"},"modified":"2018-11-30T12:00:10","modified_gmt":"2018-11-30T11:00:10","slug":"bruitage-dhistoires","status":"publish","type":"page","link":"https:\/\/fabriktachanson.samverlen.com\/index.php\/bruitage-dhistoires\/","title":{"rendered":"Bruitage d&rsquo;histoires"},"content":{"rendered":"<h4 style=\"text-align: center;\">Cre\u0301er une histoire, la bruiter, la dessiner et en cre\u0301er le diaporama anime\u0301<\/h4>\n<p><strong>Tranche d&rsquo;\u00e2ge :\u00a0<\/strong>de 6 \u00e0 8 ans<br \/>\n<b><i>Dur\u00e9e :<\/i><\/b>\u00a0une journ\u00e9e<strong><br \/>\nTravail pre\u0301alable :<\/strong> De\u0301finir le the\u0300me et parler de notre venue<br \/>\n<strong>The\u0301matiques possibles :<\/strong> les chevaliers, les super-he\u0301ros, les monstres et l\u2019espace (pour autre the\u0300me, nous contacter au pre\u0301alable)<br \/>\n<strong>Conditions :<\/strong> ne\u0301cessite deux intervenants, L\u2019auteur et le compositeur.\u00a0Les deux intervenants peuvent intervenir s\u00e9par\u00e9ment (texte, bruitage, enregistrement)<br \/>\n<strong>Conditions\/logistique :<\/strong> ne\u0301cessite deux salles (une pour l\u2019auteur et une pour le compositeur)<br \/>\n<strong>Mate\u0301riel a\u0300 fournir :<\/strong> Feuilles 180g (une 20aine d\u2019A3 et une par e\u0301le\u0300ve en A4), ciseau, colle, feutres, crayons, ordinateur\/imprimante (pour l\u2019impression du texte).<\/p>\n<p style=\"text-align: center;\">Voici un exemple d&rsquo;histoire cr\u00e9\u00e9e et bruit\u00e9e lors de cet atelier :<\/p>\n<p style=\"text-align: center;\"><iframe src=\"https:\/\/www.youtube.com\/embed\/JidE9fZ1K_I\" width=\"560\" height=\"315\" frameborder=\"0\" allowfullscreen=\"allowfullscreen\"><\/iframe><\/p>\n<div class=\"wp-socializer wpsr-share-icons \" data-lg-action=\"show\" data-sm-action=\"show\" data-sm-width=\"768\" ><h3>Share and Enjoy !<\/h3><div class=\"wpsr-si-inner\"><div class=\"wpsr-counter wpsrc-sz-32px\" style=\"color:#000\"><span class=\"scount\"><span data-wpsrs=\"\" data-wpsrs-svcs=\"facebook,twitter,linkedin,pinterest,print,pdf\">0<\/span><\/span><small class=\"stext\">Shares<\/small><\/div><div class=\"socializer sr-popup sr-32px sr-circle sr-opacity sr-pad sr-count-1 sr-count-1\"><span class=\"sr-facebook\"><a rel=\"nofollow\" href=\"https:\/\/www.facebook.com\/share.php?u=\" target=\"_blank\"  title=\"Share this on Facebook\"  style=\"color: #ffffff\" ><i class=\"fab fa-facebook-f\"><\/i><span class=\"ctext\"><span data-wpsrs=\"\" data-wpsrs-svcs=\"facebook\">0<\/span><\/span><\/a><\/span>\n<span class=\"sr-twitter\"><a rel=\"nofollow\" href=\"https:\/\/twitter.com\/intent\/tweet?text=%20-%20%20\" target=\"_blank\"  title=\"Tweet this !\"  style=\"color: #ffffff\" ><i class=\"fab fa-twitter\"><\/i><\/a><\/span>\n<span class=\"sr-linkedin\"><a rel=\"nofollow\" href=\"https:\/\/www.linkedin.com\/sharing\/share-offsite\/?url=\" target=\"_blank\"  title=\"Add this to LinkedIn\"  style=\"color: #ffffff\" ><i class=\"fab fa-linkedin-in\"><\/i><\/a><\/span>\n<span class=\"sr-pinterest\"><a rel=\"nofollow\" href=\"https:\/\/www.pinterest.com\/pin\/create\/button\/?url=&amp;media=&amp;description=\" target=\"_blank\"  title=\"Submit this to Pinterest\"  style=\"color: #ffffff\" data-pin-custom=\"true\"><i class=\"fab fa-pinterest\"><\/i><span class=\"ctext\"><span data-wpsrs=\"\" data-wpsrs-svcs=\"pinterest\">0<\/span><\/span><\/a><\/span>\n<span class=\"sr-print\"><a rel=\"nofollow\" href=\"https:\/\/www.printfriendly.com\/print?url=\" target=\"_blank\"  title=\"Print this article \"  style=\"color: #ffffff\" ><i class=\"fa fa-print\"><\/i><\/a><\/span>\n<span class=\"sr-pdf\"><a rel=\"nofollow\" href=\"https:\/\/www.printfriendly.com\/print?url=\" target=\"_blank\"  title=\"Convert to PDF\"  style=\"color: #ffffff\" ><i class=\"fa fa-file-pdf\"><\/i><\/a><\/span><\/div><\/div><\/div>","protected":false},"excerpt":{"rendered":"<p>Cre\u0301er une histoire, la bruiter, la dessiner et en cre\u0301er le diaporama anime\u0301 Tranche d&rsquo;\u00e2ge :\u00a0de 6 \u00e0 8 ans Dur\u00e9e :\u00a0une journ\u00e9e Travail pre\u0301alable : De\u0301finir le the\u0300me et [&hellip;]<\/p>\n","protected":false},"author":1,"featured_media":0,"parent":0,"menu_order":0,"comment_status":"closed","ping_status":"closed","template":"page-fullwidth.php","meta":[],"yoast_head":"<!-- This site is optimized with the Yoast SEO plugin v15.2 - https:\/\/yoast.com\/wordpress\/plugins\/seo\/ -->\n<title>Bruitage d&#039;histoires - Fabrik ta chanson<\/title>\n<meta name=\"robots\" content=\"index, follow, max-snippet:-1, max-image-preview:large, max-video-preview:-1\" \/>\n<link rel=\"canonical\" href=\"http:\/\/fabriktachanson.samverlen.com\/index.php\/bruitage-dhistoires\/\" \/>\n<meta property=\"og:locale\" content=\"fr_FR\" \/>\n<meta property=\"og:type\" content=\"article\" \/>\n<meta property=\"og:title\" content=\"Bruitage d&#039;histoires - Fabrik ta chanson\" \/>\n<meta property=\"og:description\" content=\"Cre\u0301er une histoire, la bruiter, la dessiner et en cre\u0301er le diaporama anime\u0301 Tranche d&rsquo;\u00e2ge :\u00a0de 6 \u00e0 8 ans Dur\u00e9e :\u00a0une journ\u00e9e Travail pre\u0301alable : De\u0301finir le the\u0300me et [&hellip;]\" \/>\n<meta property=\"og:url\" content=\"http:\/\/fabriktachanson.samverlen.com\/index.php\/bruitage-dhistoires\/\" \/>\n<meta property=\"og:site_name\" content=\"Fabrik ta chanson\" \/>\n<meta property=\"article:modified_time\" content=\"2018-11-30T11:00:10+00:00\" \/>\n<meta name=\"twitter:card\" content=\"summary\" \/>\n<meta name=\"twitter:label1\" value=\"\u00c9crit par\">\n\t<meta name=\"twitter:data1\" value=\"ftc\">\n\t<meta name=\"twitter:label2\" value=\"Dur\u00e9e de lecture est.\">\n\t<meta name=\"twitter:data2\" value=\"1 minute\">\n<script type=\"application\/ld+json\" class=\"yoast-schema-graph\">{\"@context\":\"https:\/\/schema.org\",\"@graph\":[{\"@type\":\"WebSite\",\"@id\":\"http:\/\/fabriktachanson.samverlen.com\/#website\",\"url\":\"http:\/\/fabriktachanson.samverlen.com\/\",\"name\":\"Fabrik ta chanson\",\"description\":\"Atelier de cr\\u00e9ation et enregistrement de chanson en une journ\\u00e9e !\",\"potentialAction\":[{\"@type\":\"SearchAction\",\"target\":\"http:\/\/fabriktachanson.samverlen.com\/?s={search_term_string}\",\"query-input\":\"required name=search_term_string\"}],\"inLanguage\":\"fr-FR\"},{\"@type\":\"WebPage\",\"@id\":\"http:\/\/fabriktachanson.samverlen.com\/index.php\/bruitage-dhistoires\/#webpage\",\"url\":\"http:\/\/fabriktachanson.samverlen.com\/index.php\/bruitage-dhistoires\/\",\"name\":\"Bruitage d'histoires - Fabrik ta chanson\",\"isPartOf\":{\"@id\":\"http:\/\/fabriktachanson.samverlen.com\/#website\"},\"datePublished\":\"2017-09-07T14:52:20+00:00\",\"dateModified\":\"2018-11-30T11:00:10+00:00\",\"inLanguage\":\"fr-FR\",\"potentialAction\":[{\"@type\":\"ReadAction\",\"target\":[\"http:\/\/fabriktachanson.samverlen.com\/index.php\/bruitage-dhistoires\/\"]}]}]}<\/script>\n<!-- \/ Yoast SEO plugin. -->","_links":{"self":[{"href":"https:\/\/fabriktachanson.samverlen.com\/index.php\/wp-json\/wp\/v2\/pages\/241"}],"collection":[{"href":"https:\/\/fabriktachanson.samverlen.com\/index.php\/wp-json\/wp\/v2\/pages"}],"about":[{"href":"https:\/\/fabriktachanson.samverlen.com\/index.php\/wp-json\/wp\/v2\/types\/page"}],"author":[{"embeddable":true,"href":"https:\/\/fabriktachanson.samverlen.com\/index.php\/wp-json\/wp\/v2\/users\/1"}],"replies":[{"embeddable":true,"href":"https:\/\/fabriktachanson.samverlen.com\/index.php\/wp-json\/wp\/v2\/comments?post=241"}],"version-history":[{"count":7,"href":"https:\/\/fabriktachanson.samverlen.com\/index.php\/wp-json\/wp\/v2\/pages\/241\/revisions"}],"predecessor-version":[{"id":329,"href":"https:\/\/fabriktachanson.samverlen.com\/index.php\/wp-json\/wp\/v2\/pages\/241\/revisions\/329"}],"wp:attachment":[{"href":"https:\/\/fabriktachanson.samverlen.com\/index.php\/wp-json\/wp\/v2\/media?parent=241"}],"curies":[{"name":"wp","href":"https:\/\/api.w.org\/{rel}","templated":true}]}}